{"id":834,"date":"2023-11-16T17:58:21","date_gmt":"2023-11-16T17:58:21","guid":{"rendered":"http:\/\/romaconnect.eu\/?page_id=834"},"modified":"2024-06-10T10:22:49","modified_gmt":"2024-06-10T10:22:49","slug":"noticias","status":"publish","type":"page","link":"https:\/\/romaconnect.eu\/en\/news","title":{"rendered":"News"},"content":{"rendered":"\t\t<div data-elementor-type=\"wp-page\" data-elementor-id=\"834\" class=\"elementor elementor-834\" data-elementor-post-type=\"page\">\n\t\t\t\t<div class=\"elementor-element elementor-element-2581aef e-flex e-con-boxed e-con e-parent\" data-id=\"2581aef\" data-element_type=\"container\" data-e-type=\"container\">\n\t\t\t\t\t<div class=\"e-con-inner\">\n\t\t\t\t<div class=\"elementor-element elementor-element-460dc976 elementor-widget elementor-widget-text-editor\" data-id=\"460dc976\" data-element_type=\"widget\" data-e-type=\"widget\" data-widget_type=\"text-editor.default\">\n\t\t\t\t<div class=\"elementor-widget-container\">\n\t\t\t\t\t\t\t\t\t<p>Aqu\u00ed encontrar\u00e1s las \u00faltimas noticias sobre el proyecto. Todo sobre la Red, la Campa\u00f1a antigitanismo, las reuniones transnacionales, los cursos de formaci\u00f3ny mucho m\u00e1s.<\/p><p>Tambi\u00e9n puedes seguirnos en nuestra p\u00e1gina de <a href=\"https:\/\/www.facebook.com\/profile.php?id=61550654607973\" target=\"_blank\" rel=\"noopener\">facebook.<\/a><\/p><p>\u00a0<\/p>\t\t\t\t\t\t\t\t<\/div>\n\t\t\t\t<\/div>\n\t\t\t\t\t<\/div>\n\t\t\t\t<\/div>\n\t\t\t\t<\/div>\n\t\t","protected":false},"excerpt":{"rendered":"<p>Here you can find the latest news about the project. Everything from the Network, the antigypsyism campaign, transnational meetings, trainings, and much more. You can also follow us on our\u00a0 \u00a0Facebook Page<\/p>\n","protected":false},"author":3,"featured_media":0,"parent":0,"menu_order":0,"comment_status":"closed","ping_status":"closed","template":"","meta":{"footnotes":""},"class_list":["post-834","page","type-page","status-publish","hentry"],"_links":{"self":[{"href":"https:\/\/romaconnect.eu\/en\/wp-json\/wp\/v2\/pages\/834","targetHints":{"allow":["GET"]}}],"collection":[{"href":"https:\/\/romaconnect.eu\/en\/wp-json\/wp\/v2\/pages"}],"about":[{"href":"https:\/\/romaconnect.eu\/en\/wp-json\/wp\/v2\/types\/page"}],"author":[{"embeddable":true,"href":"https:\/\/romaconnect.eu\/en\/wp-json\/wp\/v2\/users\/3"}],"replies":[{"embeddable":true,"href":"https:\/\/romaconnect.eu\/en\/wp-json\/wp\/v2\/comments?post=834"}],"version-history":[{"count":19,"href":"https:\/\/romaconnect.eu\/en\/wp-json\/wp\/v2\/pages\/834\/revisions"}],"predecessor-version":[{"id":2772,"href":"https:\/\/romaconnect.eu\/en\/wp-json\/wp\/v2\/pages\/834\/revisions\/2772"}],"wp:attachment":[{"href":"https:\/\/romaconnect.eu\/en\/wp-json\/wp\/v2\/media?parent=834"}],"curies":[{"name":"wp","href":"https:\/\/api.w.org\/{rel}","templated":true}]}}